{"id":5,"date":"2019-07-17T09:38:48","date_gmt":"2019-07-17T12:38:48","guid":{"rendered":"http:\/\/sistemas.segup.pa.gov.br\/transparencia\/?page_id=5"},"modified":"2019-07-18T15:41:08","modified_gmt":"2019-07-18T18:41:08","slug":"institucional","status":"publish","type":"page","link":"https:\/\/sistemas.segup.pa.gov.br\/transparencia\/institucional\/","title":{"rendered":"Institucional"},"content":{"rendered":"<p>O <strong>Portal da Transpar\u00eancia<\/strong> assegura o direito fundamental de acesso \u00e0 informa\u00e7\u00e3o acerca do servi\u00e7o de Seguran\u00e7a P\u00fablica e Defesa Social do Par\u00e1, garantindo transpar\u00eancia e permitindo que a sociedade e os \u00f3rg\u00e3os governamentais de supervis\u00e3o contribuam com os esfor\u00e7os do Governo do Estado no enfrentamento \u00e0 viol\u00eancia e criminalidade.<\/p>\n<p>A <strong>SEGUP<\/strong> \u00e9 respons\u00e1vel por centralizar, consolidar e disponibilizar os dados estat\u00edsticos oficiais relativos \u00e0 seguran\u00e7a p\u00fablica. A divulga\u00e7\u00e3o dos dados oficiais obedece ao previsto na Lei n\u00ba 12.527, de 18 de novembro de 2011, cujos procedimentos destinam-se a assegurar o direito fundamental de acesso \u00e0 informa\u00e7\u00e3o, em conformidade com os princ\u00edpios b\u00e1sicos da administra\u00e7\u00e3o p\u00fablica.<\/p>\n<p><strong>Objetivos.<\/strong><\/p>\n<p>O <strong>Sistema Estadual de Seguran\u00e7a P\u00fablica e Defesa Social (SIEDS)<\/strong>, tendo a Secretaria de Estado de Seguran\u00e7a P\u00fablica e Defesa Social (SEGUP) como \u00f3rg\u00e3o central, dentro do objetivo estadual de \u201cPromover a Inclus\u00e3o Social\u201d, est\u00e1 respons\u00e1vel em \u201cASSEGURAR A PREVEN\u00c7\u00c3O SOCIAL DA VIOL\u00caNCIA E CRIMINALIDADE E REDU\u00c7\u00c3O DA IMPUNIDADE\u201d.<\/p>\n<p>Calcado nas metas estabelecidas, toda a governan\u00e7a do SIEDS, desde a transforma\u00e7\u00e3o e manuten\u00e7\u00e3o de infraestruturas, at\u00e9 procedimentos de atendimento ao p\u00fablico, s\u00e3o orientados para concretizar os anseios de uma sociedade mais tranquila e segura.<\/p>\n<p><strong>Equipe Respons\u00e1vel.<\/strong><\/p>\n<p>A Secretaria Adjunta de Intelig\u00eancia e An\u00e1lise Criminal (SIAC), subordinada ao Secret\u00e1rio de Estado de Seguran\u00e7a P\u00fablica e Defesa Social \u00e9 respons\u00e1vel por centralizar, consolidar e disponibilizar os dados estat\u00edsticos oficiais relativos \u00e0 seguran\u00e7a p\u00fablica. Conta com uma Diretoria de Estat\u00edstica e An\u00e1lise Criminal (DEAC) que efetua a coleta e an\u00e1lise de dados mediante processos metodol\u00f3gicos definidos.<\/p>\n","protected":false},"excerpt":{"rendered":"<p>O Portal da Transpar\u00eancia assegura o direito fundamental de acesso \u00e0 informa\u00e7\u00e3o acerca do servi\u00e7o de Seguran\u00e7a P\u00fablica e Defesa Social do Par\u00e1, garantindo transpar\u00eancia e permitindo que a sociedade&hellip;<\/p>\n","protected":false},"author":1,"featured_media":0,"parent":0,"menu_order":0,"comment_status":"closed","ping_status":"closed","template":"","meta":{"footnotes":""},"class_list":["post-5","page","type-page","status-publish","hentry"],"_links":{"self":[{"href":"https:\/\/sistemas.segup.pa.gov.br\/transparencia\/wp-json\/wp\/v2\/pages\/5","targetHints":{"allow":["GET"]}}],"collection":[{"href":"https:\/\/sistemas.segup.pa.gov.br\/transparencia\/wp-json\/wp\/v2\/pages"}],"about":[{"href":"https:\/\/sistemas.segup.pa.gov.br\/transparencia\/wp-json\/wp\/v2\/types\/page"}],"author":[{"embeddable":true,"href":"https:\/\/sistemas.segup.pa.gov.br\/transparencia\/wp-json\/wp\/v2\/users\/1"}],"replies":[{"embeddable":true,"href":"https:\/\/sistemas.segup.pa.gov.br\/transparencia\/wp-json\/wp\/v2\/comments?post=5"}],"version-history":[{"count":5,"href":"https:\/\/sistemas.segup.pa.gov.br\/transparencia\/wp-json\/wp\/v2\/pages\/5\/revisions"}],"predecessor-version":[{"id":1327,"href":"https:\/\/sistemas.segup.pa.gov.br\/transparencia\/wp-json\/wp\/v2\/pages\/5\/revisions\/1327"}],"wp:attachment":[{"href":"https:\/\/sistemas.segup.pa.gov.br\/transparencia\/wp-json\/wp\/v2\/media?parent=5"}],"curies":[{"name":"wp","href":"https:\/\/api.w.org\/{rel}","templated":true}]}}