{"id":3560,"date":"2025-06-25T14:32:23","date_gmt":"2025-06-25T17:32:23","guid":{"rendered":"https:\/\/sistemas.segup.pa.gov.br\/transparencia\/?page_id=3560"},"modified":"2025-10-09T14:06:36","modified_gmt":"2025-10-09T17:06:36","slug":"metodologia-dashboard","status":"publish","type":"page","link":"https:\/\/sistemas.segup.pa.gov.br\/transparencia\/metodologia-dashboard\/","title":{"rendered":"Metodologia Dashboard"},"content":{"rendered":"<p><strong><b>Nota metodol\u00f3gica: Estat\u00edstica oficial de Seguran\u00e7a P\u00fablica do estado do Par\u00e1.<\/b><\/strong><\/p>\n<p>\u00c1 Secretaria Adjunta de Intelig\u00eancia e An\u00e1lise Criminal \u2013 SIAC, diretamente subordinada ao Secret\u00e1rio de Estado de Seguran\u00e7a P\u00fablica e Defesa Social compete, por meio da Diretoria de Estat\u00edstica e An\u00e1lise Criminal \u2013 DEAC, coletar, tratar, consolidar e disponibilizar as estat\u00edsticas oficiais de seguran\u00e7a p\u00fablica.<\/p>\n<p>A divulga\u00e7\u00e3o dos dados \u00e9 feita pela publica\u00e7\u00e3o dos quantitativos dos delitos a seguir elencados que mais causam sensa\u00e7\u00e3o de inseguran\u00e7a\u00a0ao bem estar social, por meio de um <strong><em><b><i>dashboard<\/i><\/b><\/em><\/strong>\u00a0hospedado no site da Secretaria de Estado de Seguran\u00e7a P\u00fablica e Defesa Social, no <a href=\"http:\/\/url:%20www.segup.pa.gov.br\"><u>url: <\/u><u>www.segup.pa.gov.br<\/u><\/a><u>,<\/u>\u00a0menu transpar\u00eancia p\u00fablica, sub menu indicadores, sub menu Portal de transpar\u00eancia da seguran\u00e7a p\u00fablica, culminando no url: <a href=\"http:\/\/www.sistemas.segup.pa.gov.br\/transparencia\"><u>www.sistemas.segup.pa.gov.br\/transparencia<\/u><\/a>, nesta p\u00e1gina ao posicionar o mouse sobre o menu Estat\u00edsticas, s\u00e3o disponibilizadas as op\u00e7\u00f5es(links) : Dashboard, \u00a0Exportar Dados e Nota Metodol\u00f3gica , clicando no link do Dashboard, o usu\u00e1rio ter\u00e1 acesso aos dados estat\u00edsticos disponibilizados para consulta p\u00fablica.<\/p>\n<p>Ao acessar o dashboard\u00a0ser\u00e1 poss\u00edvel analisar a distribui\u00e7\u00e3o dos quantitativos por: Ano do fato, meio empregado, taxa por 100 mil e 10 mil habitantes nos crimes contra a vida, localiza\u00e7\u00e3o geogr\u00e1fica, RISP, G\u00eanero, Etnia e Faixa et\u00e1ria.<\/p>\n<p>Sendo poss\u00edvel aplicar filtros para ajudar a compor o melhor roteiro de an\u00e1lise de dados, tendo os seguintes filtros dispon\u00edveis: Natureza, Ano fato, M\u00eas fato, Munic\u00edpios, Bairros, Regi\u00e3o Integrada de Seguran\u00e7a P\u00fablica \u2013 RISP, Per\u00edodo entre datas e por regi\u00e3o: se na Capital, Regi\u00e3o Metropolitana de Bel\u00e9m ou Interior.<\/p>\n<p>Na p\u00e1gina inicial do <strong><b>Dashboard<\/b><\/strong>, s\u00e3o apresentados bot\u00f5es(links), que levam o usu\u00e1rio \u00e0s telas dos indicadores contendo os tipos criminais conforme abaixo:<\/p>\n<p><strong><b>CVLI &#8211; Crimes Violentos Letais Intencionais &#8211; V\u00edtimas de Mortes Violentas Intencionais: <\/b><\/strong>contendo os seguintes tipos penais:<\/p>\n<p>Estupro com Resultado Morte;<\/p>\n<p>Estupro de Vulner\u00e1vel com Resultado Morte;<\/p>\n<p>Extors\u00e3o Mediante Sequestro com Resultado Morte;<\/p>\n<p>Feminic\u00eddio;<\/p>\n<p>Homic\u00eddio;<\/p>\n<p>Infantic\u00eddio;<\/p>\n<p>Latroc\u00ednio;<\/p>\n<p>Les\u00e3o Corporal Seguida de Morte;<\/p>\n<p>Maus Tratos com Resultado Morte;<\/p>\n<p><strong><b>MILAE &#8211; Morte por Interven\u00e7\u00e3o Legal de Agente do Estado : <\/b><\/strong>trata-se de \u00f3bitos resultantes da atua\u00e7\u00e3o de agentes do Estado em situa\u00e7\u00f5es onde indiv\u00edduos em conflito com o ordenamento legal, op\u00f5em resist\u00eancia a interven\u00e7\u00e3o das for\u00e7as de seguran\u00e7a p\u00fablica do Estado, via de regra de forma violenta com uso de armas de fogo, o que acarreta na resposta dos agentes p\u00fablicos com fito de garantir a ordem e a incolumidade\u00a0p\u00fablica.<\/p>\n<p><strong><b>Morte de Agentes P\u00fablicos \u2013 Agentes de Seguran\u00e7a P\u00fablica V\u00edtimas de Mortes Violentas Intencionais<\/b><\/strong>\u00a0\u2013 indicador formado pelos seguintes tipos penais:<\/p>\n<p>Homic\u00eddio;<\/p>\n<p>Latroc\u00ednio;<\/p>\n<p>Les\u00e3o Corporal Seguida de Morte.<\/p>\n<p><strong><b>Feminic\u00eddio<\/b><\/strong>\u00a0\u2013 Antes da Lei 14.994 de 09\/09\/2024, era contabilizado filtrando nas ocorr\u00eancias de Homic\u00eddio, onde a v\u00edtima fosse do g\u00eanero feminino e a autoridade policial indicava a qualificadora \u201cFeminic\u00eddio\u201d, com o advento da nova Lei, que tornou o indicador um crime aut\u00f4nomo, n\u00e3o \u00e9 mais necess\u00e1rio utilizar os filtros para composi\u00e7\u00e3o do indicador.<\/p>\n<p><strong><b>Roubo e Furto \u2013 <\/b><\/strong>Cont\u00e9m<strong><b>\u00a0<\/b><\/strong>dados referentes aos tipos penais que d\u00e3o t\u00edtulo a p\u00e1gina do <strong><b>Dashboard<\/b><\/strong>.<\/p>\n<p><strong><b>Les\u00f5es<\/b><\/strong>\u00a0\u2013 Contem dados referentes ao delito <strong><b>Les\u00e3o Corporal<\/b><\/strong>.<\/p>\n<p><strong>Estupro<\/strong>\u00a0\u2013 apresenta dados referentes aos delitos <strong><b>Estupro<\/b><\/strong>, <strong><b>Estupro de Vulner\u00e1vel<\/b><\/strong>.<\/p>\n<p><strong><b>Ocorr\u00eancias no Transito<\/b><\/strong>\u00a0\u2013 dados referentes aos delitos <strong><b>Homic\u00eddio no Tr\u00e2nsito(Homicidio Culposo no Tr\u00e2nsito), Les\u00e3o no Tr\u00e2nsito e Morte no Tr\u00e2nsito<\/b><\/strong><\/p>\n<p><strong><b>Tr\u00e1fico de Drogas<\/b><\/strong>\u00a0\u2013 apresenta o quantitativo de ocorr\u00eancias policiais com base na Lei 11.343\/2006.<\/p>\n<p><strong><b>Drogas Apreendidas<\/b><\/strong>\u00a0\u2013 apresenta o quantitativo em quilogramas de drogas apreendidas(Maconha e Coca\u00edna) de acordo com laudos emitidos pelo Centro de Per\u00edcia ou quando consta o valor no relato do boletim de ocorr\u00eancia, citando as quantidades em quilograma, esse quantitativo demonstrado no <strong><b>Dashboard, <\/b><\/strong>n\u00e3o contabiliza os totais das pequenas apreens\u00f5es que s\u00e3o apresentadas como papelotes, mucas, barra, tijolo, trouxa, por\u00e7\u00e3o, embalagem, tablete, etc&#8230;, ou seja, onde n\u00e3o h\u00e1 a defini\u00e7\u00e3o da m\u00e9trica aplicada na quantifica\u00e7\u00e3o da apreens\u00e3o, tornando assim dif\u00edcil, sua convers\u00e3o em quilograma.<\/p>\n<p><strong><b>Ocorr\u00eancias<\/b><\/strong>\u00a0&#8211; Quantitativo de Ocorr\u00eancias policiais registradas nas unidades policiais(f\u00edsicas e virtuais).<\/p>\n<p>As estat\u00edsticas s\u00e3o constru\u00eddas a partir dos Boletins de Ocorr\u00eancia Policial (BOP) registrados nas delegacias da Pol\u00edcia Civil do Estado do Par\u00e1, os dados s\u00e3o coletados em hor\u00e1rio oportuno pela equipe da Coordenadoria de Coleta e An\u00e1lise de Dados, onde s\u00e3o avaliadas as informa\u00e7\u00f5es(leitura de confirma\u00e7\u00e3o e qualifica\u00e7\u00e3o de pessoas inerentes ao evento tipificado no boletim de ocorr\u00eancia policial e ap\u00f3s esta fase s\u00e3o devidamente gravadas em banco de dados e disponibilizadas para consulta, por meio de publica\u00e7\u00f5es e\/ou atendimento de solicita\u00e7\u00e3o de dados, direcionadas a esta SIAC.<\/p>\n<p>As estat\u00edsticas produzidas t\u00eam como base a data do fato do evento criminal, ressalvando que a distribui\u00e7\u00e3o geogr\u00e1fica das ocorr\u00eancias se d\u00e1 a partir da circunscri\u00e7\u00e3o do local onde o fato ocorreu, independente da delegacia onde o fato foi registrado.<\/p>\n<p><strong><b>Da contagem dos eventos.<\/b><\/strong><\/p>\n<p>Via de regra, a contagem obedece a dois crit\u00e9rios distintos: para crimes contra a pessoa, tais como homic\u00eddios, morte por interven\u00e7\u00e3o de agente do estado, les\u00e3o corporal seguida de morte, roubo seguido de morte \u2013 latroc\u00ednio, estupro e estupro de vulner\u00e1vel, \u00e9 considerado o n\u00famero de v\u00edtimas.<\/p>\n<p>J\u00e1 para crimes e ocorr\u00eancias de crimes contra o patrim\u00f4nio, tais como roubos e furtos, \u00e9 considerado o n\u00famero de casos, independendo da quantidade de v\u00edtimas em cada caso, o mesmo m\u00e9todo de contagem, vale para os demais crimes.<\/p>\n<p>A seguir, uma explana\u00e7\u00e3o sobre os grupos de crimes apresentados em cada aba do dashboard, e a forma como \u00e9 feita a agrega\u00e7\u00e3o dos dados para composi\u00e7\u00e3o do quantitativo, de acordo com a apresenta\u00e7\u00e3o no dashboard;<\/p>\n<ol>\n<li><b><\/b><strong><b>CVLI &#8211; Crimes Violentas Letais Intencionais<\/b><\/strong>: composto com as seguintes naturezas: Estupro com resultado Morte, Estupro de vulner\u00e1vel com resultado morte, Extors\u00e3o mediante sequestro com resultado morte, Feminic\u00eddio, Homic\u00eddio, Infantic\u00eddio, Latroc\u00ednio, Les\u00e3o corporal seguida de morte, Maus tratos com resultado morte, todos os delitos neste indicador, a contagem \u00e9 por v\u00edtima;<\/li>\n<\/ol>\n<p><strong><b>OBS:<\/b><\/strong>\u00a0recomenda-se atentar para o fato que se for objeto de estudo os indicadores: CVLI e CVLI de agentes p\u00fablicos, lembrar que os referidos indicadores compartilham tr\u00eas tipos penais a saber: Homic\u00eddio, Latroc\u00ednio e Les\u00e3o Corporal Seguida de Morte, o que demanda cuidado em an\u00e1lises envolvendo tais indicadores, no sentido de n\u00e3o contar delitos em duplicidade;<\/p>\n<ol start=\"2\">\n<li><b><\/b><strong><b>MILAE &#8211; Morte por Interven\u00e7\u00e3o Legal de Agente do Estado<\/b><\/strong>: trata-se de \u00f3bitos resultantes da atua\u00e7\u00e3o de agentes do Estado em situa\u00e7\u00f5es onde indiv\u00edduos em conflito com o ordenamento legal, op\u00f5em resist\u00eancia a interven\u00e7\u00e3o das for\u00e7as de seguran\u00e7a p\u00fablica, via de regra de forma violenta com uso de armas de fogo, o que acarreta na resposta dos agentes p\u00fablicos com fito de garantir a ordem e a incolumidade p\u00fablica, neste indicador a contagem \u00e9 por v\u00edtima.<\/li>\n<\/ol>\n<ol start=\"3\">\n<li><b><\/b><strong><b>MORTES DE AGENTES P\u00daBLICOS &#8211; Agentes <\/b><\/strong><strong><b>de<\/b><\/strong>\u00a0<strong><b>Seguran\u00e7a<\/b><\/strong>\u00a0<strong><b>P\u00fablica<\/b><\/strong>\u00a0<strong><b>V\u00edtimas<\/b><\/strong>\u00a0<strong><b>de<\/b><\/strong>\u00a0<strong><b>Mortes<\/b><\/strong>\u00a0<strong><b>Violentas<\/b><\/strong>\u00a0<strong><b>Intencionais: <\/b><\/strong>indicador onde s\u00e3o contabilizados os CVLI(Homic\u00eddio, Latroc\u00ednio e Les\u00e3o Corporal Seguida de Morte), por quantidade de v\u00edtimas, sendo as v\u00edtimas integrantes do Sistema de Seguran\u00e7a P\u00fablica do Estado e do Munic\u00edpio.<\/li>\n<\/ol>\n<ol start=\"4\">\n<li><b><\/b><strong><b>Feminic\u00eddio: <\/b><\/strong>indicador cuja contagem se d\u00e1 por v\u00edtimas tamb\u00e9m presente no visual CVLI, sendo apresentado a parte para visualiza\u00e7\u00e3o em separado do indicador.<\/li>\n<\/ol>\n<ol start=\"5\">\n<li><b><\/b><strong><b>Roubo <\/b><\/strong><strong><b>e<\/b><\/strong>\u00a0<strong><b>Furto: <\/b><\/strong>no visual dedicado a estes delitos a contagem dos dados \u00e9 feita contando o quantitativo de registros dos referidos delitos na base de dados.<\/li>\n<\/ol>\n<ol start=\"6\">\n<li><b><\/b><strong><b>Les\u00f5es &#8211; Les\u00e3o <\/b><\/strong><strong><b>Corporal: <\/b><\/strong>neste indicador, face a sua coloca\u00e7\u00e3o no grupo de crimes contra a pessoa, a contagem se d\u00e1 por meio do quantitativo de v\u00edtimas.<\/li>\n<\/ol>\n<ol start=\"7\">\n<li><b><\/b><strong><b>Estupro: Estupro <\/b><\/strong><strong><b>e<\/b><\/strong>\u00a0<strong><b>Estupro<\/b><\/strong>\u00a0<strong><b>de<\/b><\/strong>\u00a0<strong><b>Vulner\u00e1vel<\/b><\/strong>\u00a0\u2013 tamb\u00e9m contado a partir da quantidade de vitimas.<\/li>\n<\/ol>\n<ol start=\"8\">\n<li><b><\/b><strong><b>Ocorr\u00eancias <\/b><\/strong><strong><b>no<\/b><\/strong>\u00a0<strong><b>tr\u00e2nsito: <\/b><\/strong>englobando os delitos: <strong><b>\u201c<\/b><\/strong><strong><b>Homic\u00eddio<\/b><\/strong><strong><b>\u00a0<\/b><\/strong><strong><b>no<\/b><\/strong><strong><b>\u00a0<\/b><\/strong><strong><b>Tr\u00e2nsito\u201d<\/b><\/strong><strong><b>, \u201c<\/b><\/strong><strong><b>Les\u00e3o<\/b><\/strong><strong><b>\u00a0<\/b><\/strong><strong><b>no<\/b><\/strong><strong><b>\u00a0<\/b><\/strong><strong><b>Transito\u201d<\/b><\/strong><strong><b>\u00a0<\/b><\/strong><strong><b>e<\/b><\/strong><strong><b>\u00a0\u201c<\/b><\/strong><strong><b>Morte<\/b><\/strong><strong><b>\u00a0<\/b><\/strong><strong><b>no<\/b><\/strong><strong><b>\u00a0<\/b><\/strong><strong><b>Transito\u201d<\/b><\/strong>, a contagem \u00e9 feita pela quantidade de v\u00edtimas.<\/li>\n<\/ol>\n<ol start=\"9\">\n<li><b><\/b><strong><b>Tr\u00e1fico <\/b><\/strong><b><\/b><strong><b>de<\/b><\/strong><strong><b>\u00a0<\/b><\/strong><strong><b>Drogas: <\/b><\/strong>Contagem feita pela quantidade de Boletins de ocorr\u00eancia policial registrados nos artigos pertinentes na Lei 11.343\/2006.<\/li>\n<\/ol>\n<ol start=\"10\">\n<li><b><\/b><strong><b>Drogas <\/b><\/strong><b><\/b><strong><b>Apreendidas: <\/b><\/strong>neste visual s\u00e3o informadas as quantidades em Kilograma(kg), das subst\u00e2ncias entorpecentes: <strong><b>Maconha e Coca\u00edna<\/b><\/strong><\/li>\n<\/ol>\n<ol start=\"11\">\n<li><strong><b>Ocorr\u00eancias: <\/b><\/strong>S\u00e3o apresentados os quantitativos de Boletins de ocorr\u00eancia policial (BOP) registrados nas unidades policiais do estado do Par\u00e1<\/li>\n<\/ol>\n<p><strong>METODOLOGIA PARA RETIFICA\u00c7\u00c3O DOS DADOS<\/strong><\/p>\n<p>Os quantitativos delitivos apresentados no dashboard da transpar\u00eancia da seguran\u00e7a p\u00fablica, referente aos anos pret\u00e9ritos, s\u00e3o considerados dados consolidados, n\u00e3o mais passivos de mudan\u00e7a de natureza, o que afetaria sobremaneira a confiabilidade da s\u00e9rie hist\u00f3rica, podendo sofrer altera\u00e7\u00f5es no que tange a informa\u00e7\u00f5es inerentes ao caso, como inclus\u00e3o\/altera\u00e7\u00e3o de dados de localiza\u00e7\u00e3o, v\u00edtimas, autores, instaura\u00e7\u00e3o de procedimentos penais apurat\u00f3rios, etc&#8230;, ou seja, dados qualitativos, jamais quantitativos, tendo em vista a base da SIAC, ser uma base de ocorr\u00eancias policiais(BOP), a primeira informa\u00e7\u00e3o sobre um fato delituoso, sendo poss\u00edvel alterar somente o ano em curso, o qual, nos crimes mais gravosos contra a vida, procedemos vigil\u00e2ncia acerca da mudan\u00e7a de capitula\u00e7\u00e3o penal ou chegada de novas informa\u00e7\u00f5es relevantes.<\/p>\n<p><strong><b>Publica\u00e7\u00e3o dos dados<\/b><\/strong><\/p>\n<p>O dashboard da estat\u00edstica criminal do estado do Par\u00e1, \u00e9 atualizado mensalmente entre o primeiro e o quinto dia \u00fatil, podendo sofrer atrasos por conta de calend\u00e1rio (fins de semana), ou qualquer outra anormalidade t\u00e9cnica, n\u00e3o ultrapassando o dia 10.<\/p>\n","protected":false},"excerpt":{"rendered":"<p>Nota metodol\u00f3gica: Estat\u00edstica oficial de Seguran\u00e7a P\u00fablica do estado do Par\u00e1. \u00c1 Secretaria Adjunta de Intelig\u00eancia e An\u00e1lise Criminal \u2013 SIAC, diretamente subordinada ao Secret\u00e1rio de Estado de Seguran\u00e7a P\u00fablica&hellip;<\/p>\n","protected":false},"author":1,"featured_media":0,"parent":0,"menu_order":0,"comment_status":"closed","ping_status":"closed","template":"","meta":{"footnotes":""},"class_list":["post-3560","page","type-page","status-publish","hentry"],"_links":{"self":[{"href":"https:\/\/sistemas.segup.pa.gov.br\/transparencia\/wp-json\/wp\/v2\/pages\/3560","targetHints":{"allow":["GET"]}}],"collection":[{"href":"https:\/\/sistemas.segup.pa.gov.br\/transparencia\/wp-json\/wp\/v2\/pages"}],"about":[{"href":"https:\/\/sistemas.segup.pa.gov.br\/transparencia\/wp-json\/wp\/v2\/types\/page"}],"author":[{"embeddable":true,"href":"https:\/\/sistemas.segup.pa.gov.br\/transparencia\/wp-json\/wp\/v2\/users\/1"}],"replies":[{"embeddable":true,"href":"https:\/\/sistemas.segup.pa.gov.br\/transparencia\/wp-json\/wp\/v2\/comments?post=3560"}],"version-history":[{"count":4,"href":"https:\/\/sistemas.segup.pa.gov.br\/transparencia\/wp-json\/wp\/v2\/pages\/3560\/revisions"}],"predecessor-version":[{"id":3569,"href":"https:\/\/sistemas.segup.pa.gov.br\/transparencia\/wp-json\/wp\/v2\/pages\/3560\/revisions\/3569"}],"wp:attachment":[{"href":"https:\/\/sistemas.segup.pa.gov.br\/transparencia\/wp-json\/wp\/v2\/media?parent=3560"}],"curies":[{"name":"wp","href":"https:\/\/api.w.org\/{rel}","templated":true}]}}