{"id":3467,"date":"2023-04-05T14:31:53","date_gmt":"2023-04-05T17:31:53","guid":{"rendered":"http:\/\/sistemas.segup.pa.gov.br\/transparencia\/?page_id=3467"},"modified":"2023-04-05T14:41:04","modified_gmt":"2023-04-05T17:41:04","slug":"autoridade-de-gerenciamento","status":"publish","type":"page","link":"https:\/\/sistemas.segup.pa.gov.br\/transparencia\/autoridade-de-gerenciamento\/","title":{"rendered":"Autoridade de Gerenciamento"},"content":{"rendered":"<h1>Autoridade de Gerenciamento do \u00d3rg\u00e3o (Decreto N\u00ba 1.359\/2015)<\/h1>\n<p>&nbsp;<\/p>\n<h4><strong>Nome: <\/strong>Cadna Fernanda Formigosa Pinheiro<\/h4>\n<h4><strong>Matr\u00edcula Funcional:<\/strong> 5945756\/1<\/h4>\n<h4><strong>Telefone:<\/strong> 91 98185-7455<\/h4>\n<h4><strong>Email<\/strong>: cadnafernanda@gmail.com<\/h4>\n<p>&nbsp;<\/p>\n<h4><a href=\"https:\/\/sistemas.segup.pa.gov.br\/transparencia\/wp-content\/uploads\/2023\/03\/portaria-cadna.pdf\" data-cke-saved-href=\"https:\/\/sistemas.segup.pa.gov.br\/transparencia\/wp-content\/uploads\/2023\/03\/portaria-cadna.pdf\">Download Link Portaria<\/a><\/h4>\n<p>&nbsp;<\/p>\n<p>&nbsp;<\/p>\n<p><a href=\"mailto:cadnafernanda@gmail.com\" data-cke-saved-href=\"mailto:cadnafernanda@gmail.com\"><img decoding=\"async\" class=\"\" src=\"data:image\/png;base64,iVBORw0KGgoAAAANSUhEUgAAAOEAAADhCAMAAAAJbSJIAAAAaVBMVEX\/\/\/8eiOU8kuf1+v4hjeYAgOPd6foAguQAg+S21PUXhuW11PVHmelVn+pJmukAfuO\/2fZbpOvh7vvn8vygxvJzr+3z+f6Gue\/W6PqlyvPN4fidxfKDt+9jp+s9k+eTwvHG3vdxreyrzvSRXEYRAAAFwElEQVR4nO2d2ZLqIBBAo4YBMWZRo4nLLPf\/P\/ImLiVkMxNAGqbPc2rGUzR0k7AEAYIgCIIgCIIgCIIgCIIgCIIgiPNs0lOexdHcLFGc5ad08367MqOEMMY5n5ml+g+MEUKz8o2W211MqGmzlikl0W77Fr8i52\/Xe0jOfgrjfpsLZXb8ro6MZmaDdX9I7OndJZPz3pxgGlLLfjU0TE0JnontBrxDzkb8tjGEBrxBIwOjahECacArPNQ+qB4tjqBdcHbUK1jA8qvRq1gw2z4dMI2BugXVBx\/wUN9wE0EUrBRjXYJnOGlChmrKiymxbdIL0VLd7EF2whs81FGjgo3RGnpQF9wkti0GSdQnUxe4MVrDL6qCBeQYraGqef8HYjUjwnI1we0MdpBWYTpTq2x20IO0CtNSyTCG3oSqtdsGbjnzhKgkjBJ+kCqGaQY\/SKswzRQMXWjCqhGnCzrRDZU6IuB5k4jCHOoEvaC5wXaTDXNHDKcXbk4MpUqDqQMVTY1CVfPpiGE02XBu+7eP5NN7wzkaoiF40BAN4WPYkJvFuiFjoVnYiOrfpCE7LExzeK1otg2Xk\/\/6OJaW27CaYK806rRZjlmHZdaQU5OKy1ELPU2PpdRcoI4TNJ4PubFAHRWixgzFTEXMtOIy6f537zFkX+vnIMeNjKhLYSkdW38NjKlGDMkxiARFA60ohiiLguPAu1szhh\/BQmxF7X1RElwvgg8Lhg1Fva3YFLRjGCxiQVFr0pD6YFQJWjIMgthMoC6FLQHs9jbUlqEYqPoKuKVgcw3RwJ6h3Bc1BapYyTwE7RkGUtLQoigJRndBm4aB5qQhjaLxQ9CqodwXVVuxlSbu2DTUmjSkNPFsQcuGGpNGo1QTsGyoq4DrC9HAuqGmAm5A0LphsNCQNNqlmoB1Qw19cUVapZoAAEPVpNFVqgkAMFQs4KRKJm4JgjBUKuDkUq3jARiG05PGamAUvQHDcHJfHEoTd4AYygUcG9uKvaWaABTDSUmjv1QTgGP4+0AdEaIBJMNfJ43OGX0bQIa\/LOBepok7kAx\/NesfLtUEYBmO74svSjUBWIaV4rNlhgJVTBN8UBCaYbAX9jFw8q\/nqX\/i90E6vOEVmKHYhvXD3XtZD9L2VKfaUOqH16fX7X2Qxbrxm13qh3HrayZnP\/K2j81P+ygRZ8ZSMR8KP598lo+GLMqIdD7TfHUB07AVog84IzxaZ+uI956F5kRNIwnShmznajwujLsu1KXS3GKZv945RXKn5hby\/LBK9V8v1vxw8uXU\/LCjXPsOh5besfC7fsiZOX7ne5p93ruyiZP8Xsi8VoRh2DNt+lg3R5zrE4wKdYD8MhGo4cDUt8hDImd4RsJcqnMceF8q9cGkOZ\/Yp3lECGU1lJDPPG0W2vDfeb9+BbU\/rnanw2m3OnZOI4B\/t\/D+25OeT6SAvx\/6\/w3Y9+\/4rVJNAZBrMfxfT+P9mijf17V5vzbR\/\/Wlvq8R9n6dt\/dr9X3fb+H9nhn\/9z35v3dNdPV0\/+FT0Pc9pCYFYewDNtQHH9jfy+39fvy\/cKaC7+dizPw\/2wQEaIiG8EFDNISP\/4bTz770\/\/xS\/8+g9f8cYf\/Pgvb\/PG\/\/z2T3\/1x9R+5GYNMF3RhMle638P+OEic6IlG6DsmBqkbxnkcX7nuang1r\/L+zC37hpnrv2h+4O8\/\/+w\/\/wB2WwQFynOq4h\/QP3CULeQ6l5z5gwPfl6rrTGWztpvCOrYn\/d6sHBURDppzrgSuyo07BSrG9udwqXLdgpQiqL\/JQa4je2MZwkgaNNQ4yAueRC+lMw4m2PNgknUNoRhpqqmS6WBwS283Ik4OWWrSXzYVaHFU5oxcN06UXFPls3KpP\/X50lhsYQjvYlnHv2R0G9ZKoNDOCdrIpM0oIYyMXnqmYcc4YITQrzYdnyzLd5Vkczc0SxVm+S99vhyAIgiAIgiAIgiAIgiAIgiAIop3\/UBaXR5Iwit8AAAAASUVORK5CYII=\" alt=\"\u00cdcone de Mail no estilo Cor\" width=\"148\" height=\"148\" data-atf=\"true\" data-deferred=\"1\" data-iml=\"907.2000000011176\" data-cke-saved-src=\"data:image\/png;base64,iVBORw0KGgoAAAANSUhEUgAAAOEAAADhCAMAAAAJbSJIAAAAaVBMVEX\/\/\/8eiOU8kuf1+v4hjeYAgOPd6foAguQAg+S21PUXhuW11PVHmelVn+pJmukAfuO\/2fZbpOvh7vvn8vygxvJzr+3z+f6Gue\/W6PqlyvPN4fidxfKDt+9jp+s9k+eTwvHG3vdxreyrzvSRXEYRAAAFwElEQVR4nO2d2ZLqIBBAo4YBMWZRo4nLLPf\/P\/ImLiVkMxNAGqbPc2rGUzR0k7AEAYIgCIIgCIIgCIIgCIIgCIIgiPNs0lOexdHcLFGc5ad08367MqOEMMY5n5ml+g+MEUKz8o2W211MqGmzlikl0W77Fr8i52\/Xe0jOfgrjfpsLZXb8ro6MZmaDdX9I7OndJZPz3pxgGlLLfjU0TE0JnontBrxDzkb8tjGEBrxBIwOjahECacArPNQ+qB4tjqBdcHbUK1jA8qvRq1gw2z4dMI2BugXVBx\/wUN9wE0EUrBRjXYJnOGlChmrKiymxbdIL0VLd7EF2whs81FGjgo3RGnpQF9wkti0GSdQnUxe4MVrDL6qCBeQYraGqef8HYjUjwnI1we0MdpBWYTpTq2x20IO0CtNSyTCG3oSqtdsGbjnzhKgkjBJ+kCqGaQY\/SKswzRQMXWjCqhGnCzrRDZU6IuB5k4jCHOoEvaC5wXaTDXNHDKcXbk4MpUqDqQMVTY1CVfPpiGE02XBu+7eP5NN7wzkaoiF40BAN4WPYkJvFuiFjoVnYiOrfpCE7LExzeK1otg2Xk\/\/6OJaW27CaYK806rRZjlmHZdaQU5OKy1ELPU2PpdRcoI4TNJ4PubFAHRWixgzFTEXMtOIy6f537zFkX+vnIMeNjKhLYSkdW38NjKlGDMkxiARFA60ohiiLguPAu1szhh\/BQmxF7X1RElwvgg8Lhg1Fva3YFLRjGCxiQVFr0pD6YFQJWjIMgthMoC6FLQHs9jbUlqEYqPoKuKVgcw3RwJ6h3Bc1BapYyTwE7RkGUtLQoigJRndBm4aB5qQhjaLxQ9CqodwXVVuxlSbu2DTUmjSkNPFsQcuGGpNGo1QTsGyoq4DrC9HAuqGmAm5A0LphsNCQNNqlmoB1Qw19cUVapZoAAEPVpNFVqgkAMFQs4KRKJm4JgjBUKuDkUq3jARiG05PGamAUvQHDcHJfHEoTd4AYygUcG9uKvaWaABTDSUmjv1QTgGP4+0AdEaIBJMNfJ43OGX0bQIa\/LOBepok7kAx\/NesfLtUEYBmO74svSjUBWIaV4rNlhgJVTBN8UBCaYbAX9jFw8q\/nqX\/i90E6vOEVmKHYhvXD3XtZD9L2VKfaUOqH16fX7X2Qxbrxm13qh3HrayZnP\/K2j81P+ygRZ8ZSMR8KP598lo+GLMqIdD7TfHUB07AVog84IzxaZ+uI956F5kRNIwnShmznajwujLsu1KXS3GKZv945RXKn5hby\/LBK9V8v1vxw8uXU\/LCjXPsOh5besfC7fsiZOX7ne5p93ruyiZP8Xsi8VoRh2DNt+lg3R5zrE4wKdYD8MhGo4cDUt8hDImd4RsJcqnMceF8q9cGkOZ\/Yp3lECGU1lJDPPG0W2vDfeb9+BbU\/rnanw2m3OnZOI4B\/t\/D+25OeT6SAvx\/6\/w3Y9+\/4rVJNAZBrMfxfT+P9mijf17V5vzbR\/\/Wlvq8R9n6dt\/dr9X3fb+H9nhn\/9z35v3dNdPV0\/+FT0Pc9pCYFYewDNtQHH9jfy+39fvy\/cKaC7+dizPw\/2wQEaIiG8EFDNISP\/4bTz770\/\/xS\/8+g9f8cYf\/Pgvb\/PG\/\/z2T3\/1x9R+5GYNMF3RhMle638P+OEic6IlG6DsmBqkbxnkcX7nuang1r\/L+zC37hpnrv2h+4O8\/\/+w\/\/wB2WwQFynOq4h\/QP3CULeQ6l5z5gwPfl6rrTGWztpvCOrYn\/d6sHBURDppzrgSuyo07BSrG9udwqXLdgpQiqL\/JQa4je2MZwkgaNNQ4yAueRC+lMw4m2PNgknUNoRhpqqmS6WBwS283Ik4OWWrSXzYVaHFU5oxcN06UXFPls3KpP\/X50lhsYQjvYlnHv2R0G9ZKoNDOCdrIpM0oIYyMXnqmYcc4YITQrzYdnyzLd5Vkczc0SxVm+S99vhyAIgiAIgiAIgiAIgiAIgiAIop3\/UBaXR5Iwit8AAAAASUVORK5CYII=\" \/><\/a><a href=\"https:\/\/api.whatsapp.com\/send?phone=5591981857455&amp;text=Ol\u00e1,%20podemos%20conversar%20sobre%20transpar\u00eancia%20p\u00fablica?\" data-cke-saved-href=\"https:\/\/api.whatsapp.com\/send?phone=5591981857455&amp;text=Ol\u00e1,%20podemos%20conversar%20sobre%20transpar\u00eancia%20p\u00fablica?\"><img decoding=\"async\" class=\"\" src=\"data:image\/png;base64,iVBORw0KGgoAAAANSUhEUgAAAOEAAADhCAMAAAAJbSJIAAAAkFBMVEUb10H\/\/\/8A1TMA1S4A1jYV1z4P1jsJ1jn7\/\/zl+ukA1Cru\/PF85Y35\/vqx77uR6Z\/p++z0\/fZq4n7g+eQs2U2k7bDF88135Ii08L7N9dTX99258cLA8shV322o7bNc4HKc66lK3WSI55fS9thj4XiT6aFz44U83FlN3WUl2Ukz2lND3F2D5pOf7KvK9dLb+OFtV+HFAAAMq0lEQVR4nO1d11rrvBI1Kpbj9AqkV0IKyfu\/3UkoG2Y0cgljh\/98WhfsfQGWRmW0pmgUBB4eHh4eHh4eHh4eHh4eHh4eHh4eHh4eHh4eHh6lQ18RhuH7v\/fuDC90aIQ0wa63Pywms8nisO3tglAKFf4fCKqvsm3Xx+lzt1Jt1x8+ELWrre6wsewcdCzMf1dMHYo4eGyc\/wlmI2pXRsv9f1NKrdSu0+g6ZfuJ6uixZ0R47y7ngTZy2xxmku4L3f6rUP+VmQylrj1HueR7x3nZu+ijvw8TT0bujZeCU0f+9YlU5qVyq3jvaDcD8YdlVGEtm25JQnWz+6syGrls\/Vq+K9r9QNxbGAKhfGyzyHdFNFd\/TedocVixyXdFa\/23lqoK+qzyXTHe\/52lquOXKruADw\/1ZvxHptEEg\/TeDp\/mtc5ssd+Fwf4w6TxuGqt2KivobtW9hbtCTJI1aGu8XO\/lxVYy76Zh8G4kGiVkvJscG5VEMaOavLd4lxXaTOhhdbB8DaXLDrzajerwOEriCE\/3ZuRhmLBCRzOdzqYvFqRZTN08r7u\/60pVry4VE61qQmYdfi3iztgp5OMdV6pYOzpVn27jfEd2KHcb12g17yairDnke+vdcFxrESwdMvbvJKKkdUx7Ht5IR7QSNVovP92F4Mgp2ZnprfK9Q8kmeXyc7uDJEU9UT4YT+cuuiP2Y\/HBQtoiyQXQjOqrfn15arKmlOizZ+JcU035WPEeXiakNcCqViJNKZvPbBfrj+y+ErflUokYVj3b71QnnGKs94Yws79BQxEF\/0rxGuRbESm2WtFDDAzG8\/KZcTPCJl3I4qrJtgUJ4FcEJo14ZCjUeWQ0fi9kgYmKd\/ucStqKwF0+nqO1hthZRbRQuYriwxnVW3P43PUvEwreisZzahc3ge3NbbDbW98VuRZusLYvV4GpibcW4yPbCV9zepuh9ITqljqnCa3RavG6zVFu9wCNDLFFjwzJ4lMXDR4W1qnuID7d3pVg06oxEnBXlYZTYNu2UQ6LCLRrZSkE7MZwhAfuOhowSShnDN9AK2zLNYoY2RotlSAuoxMtbf745vkxiNhnxIVUvJLoYYiJMqzRR+3dGt1\/ZRIwRt5kXsU7FKksjwL3RZVNEBp2K1QIcU3gXtsj8QuRi7LCtJoHiIwXsRNwE2Xk5h7\/0zHZy6S1k\/C32OcR8bUD1XVmW1ZatI2IDv3zknkSJppBi+DZrfXji0wgCKpsqMwHXIez5mJrC2E4XiviygRWijMzERiEHKTWFFmu9glEjKMhsyEG+HRJOz5hYfLpHxThbfGczGuWI9cDAO4w6ygWdUsN3YOgdnMQaJ7FBvadCCDqgQ3\/PjLrmDXx5xblMNew9NS8WqfvCgW0x6X1U0Jdx76vU8qC88O9o8E2ifAZfnvNpMQGp\/ZTqs4Ct\/wCfhAZaUUM+CQ20m8jVQfj6P8F4YEj4ZTZtqnvgu12STSBK8AMtRl0DQ+trrkMfLQ56TrRTQsYDI4TeU7YtjkaOZNM6cEvIeGBoQE7p1XQDoIFdIZdGkoQPCz4L4wQ+zLQR0TakGFuQuEofHtmWKaLfTB82R\/BVB1kyCWnCbBoB00emjYgom4NJKPc9pxUjgYQbkYm4QeO34jjdsJfjGy1OIwB6pas8cygBKXWZZdiC\/Idoz2mqwmbaLEEaHQCjZeOYw9AK9H1ixupQQW5FFkNfL8A3XVaZ3tGqpsbru9XbTL3JBfMCvuk82+iNyB5BVcCCYjEv4Mp3+w7QSHyAPxctBgyfdGrmBTSd3E48tF\/fwcjX\/nUHKNMzRwPwkyf3oEk7lYhVjX52B5zOXY59CA3rkXvQkBJ4KCZ+okDgoMLRgARkJYknxZaZz2c3\/YMBzJSFTQhg4JMejE\/YR2KFP6cAGqtVjiMfZkH1k9Qzsm0eish9gV4xlgwpDdSzi9J8tG6FZvhzX1AbDMEt5OldJu4s+4oCy4EF+gP1GYNxjdhYMk3SOytzkZm1BXoPPv9a8hwSMdKHA++ZiGgyi987+z68QFrKpspbZwcq7IgjyAw1zVuKhHpvxdhYIyhBCMwnFgMxx2lxhZW\/xJy5bMA+qHJk1sG8uXTfD3EjaskoIjR1WhyflCBTKENsWdjhfEYRFQgisvBSAUyGDNcBdM++QsgnIjTmWGwLSObbGRzpykpcvujghNVtZI4r6dDUcWQP5gN0M0dZloUg\/G5vzntD4jgcr0XWyYAhBpZ8nax+mp+QxAXTgSPhVL4nO50fZSaXiw7AFmCJTSKqm827FRMe8NaB6o76ygisHsMM10RRb1449iHyv7gSg9EfaSokXLPvYOr999fb8\/Rb7vA4jHiiWtDnnTHdMNxTySfjHp5GGO5oN7YpF1GR3uNxk8BQQSuj2jM4\/fyjSzWocOwbv+NtYvI09Km0eA4heMaS+VAUjM1Qr1gdfqxERflYV2t3kSh0IYLJ+oRc92GZVX2ZV7o01ujfSgwPdHWa84txyIgye5gyajQM7w4yH0FqQosYTbfvZU+0dlZ3azku4aFY5oTJ9oR5o9Xsm5u4IfmJ57VUhriN+g06bozisFxcEKVE5Ri4MHDOUqW5JstDfIF0Pesd+J0EB3w+IFaTJ3geBreWcSP5GDwNUx0OmYFGLgv5\/v5bkzhTbhwpXRPD8WLMYoEfzrW\/dYyS7DOCcvWioc6hEdKAYvQ57\/\/J2Q316tokh4XXObJr9VQgD149p3PE7CwHXCrISiYCkl0W2v0JlFqZ12bRAt2lSQdlwqCLSaz3O9HyqOQePDnJV5o2Iq87wEwB1gg6Dn7mjwuGYp6neDK1xcIF\/B2+XLIrkJq+5Yaz2KYXkPyHBXXdAVIgJrviCyiJ9qZMHS07WavUUgsQhWQe3phDPhKusdsKGxjTz1QIu0rdlsKJENyRSXwj5sYIvehN07djRIWr8BSycVJXA90bKaEW+9R5JC\/B46AWl+H0DRzeTXLxJkILkVgV2+GSQ96AAnKREK\/5VYReyfXIpXROATU5OkDMj\/eo+AC+RTr+TaJ8KHtH6pLNaUL7E3EFPBZvPoaV8jT7FS3URuwe0aANJo4ARoi0QBGpSIEdGPx1Tpc2Ml40n1bVdrvdHbytnUVrtUGcj+2iBWoHWmc8BqhWQkp5\/ZFQVNJKYuFXpJ8NQf5dLavInxU4L6xADbJeGC8WJjeLNyFP\/joFdImyCIVNQAtseBVXKApViSppCq38cZa8YBJI0\/CmyThhp3ZQlhUPYO4qn7MyEXax2wKrmCJSw3iTOqFNq04D4+VfCwLYPSyZLGmQRyxge1ucfkNnRUJKOxuk7UwusrwYsoE5nZU0NFETvdBSwrD4R7vgEpRXPmenrBRa4w+VMSq8GGxobEd5scOKAluMFRtIiIUd7KgfCt0Z8HJQYez+A5qs5jMpeFSBb6VNLdKQrcRBQAUdCy12a2Vb4TRTrZWUkxlL3XkdT6hw3LHg4wkl1YCL8KESwWJzdbuMb3mcBEH0yKhx4cVuYS7SdzGDy9yZyfL0Nej1efi7zRKKJulOLf6tGQPa+3B1aSPi7XIMl1TrMecbOj8RxjNcjfVziRYvIHTI9sVFOtWrjagNc17f+JyokTNH2YJ18RQRRbYWcvvy5I55dh9N7hdFtDIdh3zt1xIMNQlc1PVGNyW+0trsM79ndUUod0dXclF1W8Jrj0RFxDREg04sM73wc337uTNwhmued2X4g9RNOTHR+CVIeV5cX0+aSSMhcrop5xFEme+B5m\/Un+ezHf2K+lU4Gcw2q6TAcHVWjjfIKuSdC9Vzo7neq1iKC5RSl59SxmrbaTZWKblEp11JD67iKr43IIqqq3Fj2n+b96eN0eA5+WXHTzRLe4xMJCWCFobBrrwXnnDopwy0OnzPR6XCLpZQPN6YX1dKhrN80DcqjY7euWpD5sd4W+5zgNJZ9PGKqPVU28Ui1Fr2WPZrNEq7VsIO4e5NZVw7CPFFXbQ8NDKlBCUh9doMP0LHWdEeHw9aQGKmRa\/5m\/ed69P9HZ6rFMRTh\/VBcxsLinZqFXdOedIQvxGdOvFdnuMUKL+nutrMlEwwj4zsLWlDNgnnZe9Gu\/K30D8fkotWV56Z+lKlVuJwPGXfkvXnzWv648hF4fuW7LA\/S7MVvqGNCNbTLLcthv1JcD\/xgs8CwfXKtHO9kJyrHxfDT8rXzdO5Tc9muzpsbNbK+W53SdC9aqXxss9z3RrgYiPFZruuNfvj4fnc7Va65+Fq8DSd12Z7cbWreLt7C3YHQyrNPNDX5+LF+wvygVHyakdd\/nvXmfuJP9MRDw8PDw8PDw8PDw8PDw8PDw8PDw8PDw8PDw8Pj9\/hf6tWqsY6b73MAAAAAElFTkSuQmCC\" alt=\"Whatsapp | \u00cdcone Gratis\" width=\"132\" height=\"132\" data-atf=\"true\" data-deferred=\"1\" data-iml=\"707\" data-cke-saved-src=\"data:image\/png;base64,iVBORw0KGgoAAAANSUhEUgAAAOEAAADhCAMAAAAJbSJIAAAAkFBMVEUb10H\/\/\/8A1TMA1S4A1jYV1z4P1jsJ1jn7\/\/zl+ukA1Cru\/PF85Y35\/vqx77uR6Z\/p++z0\/fZq4n7g+eQs2U2k7bDF88135Ii08L7N9dTX99258cLA8shV322o7bNc4HKc66lK3WSI55fS9thj4XiT6aFz44U83FlN3WUl2Ukz2lND3F2D5pOf7KvK9dLb+OFtV+HFAAAMq0lEQVR4nO1d11rrvBI1Kpbj9AqkV0IKyfu\/3UkoG2Y0cgljh\/98WhfsfQGWRmW0pmgUBB4eHh4eHh4eHh4eHh4eHh4eHh4eHh4eHh4eHh6lQ18RhuH7v\/fuDC90aIQ0wa63Pywms8nisO3tglAKFf4fCKqvsm3Xx+lzt1Jt1x8+ELWrre6wsewcdCzMf1dMHYo4eGyc\/wlmI2pXRsv9f1NKrdSu0+g6ZfuJ6uixZ0R47y7ngTZy2xxmku4L3f6rUP+VmQylrj1HueR7x3nZu+ijvw8TT0bujZeCU0f+9YlU5qVyq3jvaDcD8YdlVGEtm25JQnWz+6syGrls\/Vq+K9r9QNxbGAKhfGyzyHdFNFd\/TedocVixyXdFa\/23lqoK+qzyXTHe\/52lquOXKruADw\/1ZvxHptEEg\/TeDp\/mtc5ssd+Fwf4w6TxuGqt2KivobtW9hbtCTJI1aGu8XO\/lxVYy76Zh8G4kGiVkvJscG5VEMaOavLd4lxXaTOhhdbB8DaXLDrzajerwOEriCE\/3ZuRhmLBCRzOdzqYvFqRZTN08r7u\/60pVry4VE61qQmYdfi3iztgp5OMdV6pYOzpVn27jfEd2KHcb12g17yairDnke+vdcFxrESwdMvbvJKKkdUx7Ht5IR7QSNVovP92F4Mgp2ZnprfK9Q8kmeXyc7uDJEU9UT4YT+cuuiP2Y\/HBQtoiyQXQjOqrfn15arKmlOizZ+JcU035WPEeXiakNcCqViJNKZvPbBfrj+y+ErflUokYVj3b71QnnGKs94Yws79BQxEF\/0rxGuRbESm2WtFDDAzG8\/KZcTPCJl3I4qrJtgUJ4FcEJo14ZCjUeWQ0fi9kgYmKd\/ucStqKwF0+nqO1hthZRbRQuYriwxnVW3P43PUvEwreisZzahc3ge3NbbDbW98VuRZusLYvV4GpibcW4yPbCV9zepuh9ITqljqnCa3RavG6zVFu9wCNDLFFjwzJ4lMXDR4W1qnuID7d3pVg06oxEnBXlYZTYNu2UQ6LCLRrZSkE7MZwhAfuOhowSShnDN9AK2zLNYoY2RotlSAuoxMtbf745vkxiNhnxIVUvJLoYYiJMqzRR+3dGt1\/ZRIwRt5kXsU7FKksjwL3RZVNEBp2K1QIcU3gXtsj8QuRi7LCtJoHiIwXsRNwE2Xk5h7\/0zHZy6S1k\/C32OcR8bUD1XVmW1ZatI2IDv3zknkSJppBi+DZrfXji0wgCKpsqMwHXIez5mJrC2E4XiviygRWijMzERiEHKTWFFmu9glEjKMhsyEG+HRJOz5hYfLpHxThbfGczGuWI9cDAO4w6ygWdUsN3YOgdnMQaJ7FBvadCCDqgQ3\/PjLrmDXx5xblMNew9NS8WqfvCgW0x6X1U0Jdx76vU8qC88O9o8E2ifAZfnvNpMQGp\/ZTqs4Ct\/wCfhAZaUUM+CQ20m8jVQfj6P8F4YEj4ZTZtqnvgu12STSBK8AMtRl0DQ+trrkMfLQ56TrRTQsYDI4TeU7YtjkaOZNM6cEvIeGBoQE7p1XQDoIFdIZdGkoQPCz4L4wQ+zLQR0TakGFuQuEofHtmWKaLfTB82R\/BVB1kyCWnCbBoB00emjYgom4NJKPc9pxUjgYQbkYm4QeO34jjdsJfjGy1OIwB6pas8cygBKXWZZdiC\/Idoz2mqwmbaLEEaHQCjZeOYw9AK9H1ixupQQW5FFkNfL8A3XVaZ3tGqpsbru9XbTL3JBfMCvuk82+iNyB5BVcCCYjEv4Mp3+w7QSHyAPxctBgyfdGrmBTSd3E48tF\/fwcjX\/nUHKNMzRwPwkyf3oEk7lYhVjX52B5zOXY59CA3rkXvQkBJ4KCZ+okDgoMLRgARkJYknxZaZz2c3\/YMBzJSFTQhg4JMejE\/YR2KFP6cAGqtVjiMfZkH1k9Qzsm0eish9gV4xlgwpDdSzi9J8tG6FZvhzX1AbDMEt5OldJu4s+4oCy4EF+gP1GYNxjdhYMk3SOytzkZm1BXoPPv9a8hwSMdKHA++ZiGgyi987+z68QFrKpspbZwcq7IgjyAw1zVuKhHpvxdhYIyhBCMwnFgMxx2lxhZW\/xJy5bMA+qHJk1sG8uXTfD3EjaskoIjR1WhyflCBTKENsWdjhfEYRFQgisvBSAUyGDNcBdM++QsgnIjTmWGwLSObbGRzpykpcvujghNVtZI4r6dDUcWQP5gN0M0dZloUg\/G5vzntD4jgcr0XWyYAhBpZ8nax+mp+QxAXTgSPhVL4nO50fZSaXiw7AFmCJTSKqm827FRMe8NaB6o76ygisHsMM10RRb1449iHyv7gSg9EfaSokXLPvYOr999fb8\/Rb7vA4jHiiWtDnnTHdMNxTySfjHp5GGO5oN7YpF1GR3uNxk8BQQSuj2jM4\/fyjSzWocOwbv+NtYvI09Km0eA4heMaS+VAUjM1Qr1gdfqxERflYV2t3kSh0IYLJ+oRc92GZVX2ZV7o01ujfSgwPdHWa84txyIgye5gyajQM7w4yH0FqQosYTbfvZU+0dlZ3azku4aFY5oTJ9oR5o9Xsm5u4IfmJ57VUhriN+g06bozisFxcEKVE5Ri4MHDOUqW5JstDfIF0Pesd+J0EB3w+IFaTJ3geBreWcSP5GDwNUx0OmYFGLgv5\/v5bkzhTbhwpXRPD8WLMYoEfzrW\/dYyS7DOCcvWioc6hEdKAYvQ57\/\/J2Q316tokh4XXObJr9VQgD149p3PE7CwHXCrISiYCkl0W2v0JlFqZ12bRAt2lSQdlwqCLSaz3O9HyqOQePDnJV5o2Iq87wEwB1gg6Dn7mjwuGYp6neDK1xcIF\/B2+XLIrkJq+5Yaz2KYXkPyHBXXdAVIgJrviCyiJ9qZMHS07WavUUgsQhWQe3phDPhKusdsKGxjTz1QIu0rdlsKJENyRSXwj5sYIvehN07djRIWr8BSycVJXA90bKaEW+9R5JC\/B46AWl+H0DRzeTXLxJkILkVgV2+GSQ96AAnKREK\/5VYReyfXIpXROATU5OkDMj\/eo+AC+RTr+TaJ8KHtH6pLNaUL7E3EFPBZvPoaV8jT7FS3URuwe0aANJo4ARoi0QBGpSIEdGPx1Tpc2Ml40n1bVdrvdHbytnUVrtUGcj+2iBWoHWmc8BqhWQkp5\/ZFQVNJKYuFXpJ8NQf5dLavInxU4L6xADbJeGC8WJjeLNyFP\/joFdImyCIVNQAtseBVXKApViSppCq38cZa8YBJI0\/CmyThhp3ZQlhUPYO4qn7MyEXax2wKrmCJSw3iTOqFNq04D4+VfCwLYPSyZLGmQRyxge1ucfkNnRUJKOxuk7UwusrwYsoE5nZU0NFETvdBSwrD4R7vgEpRXPmenrBRa4w+VMSq8GGxobEd5scOKAluMFRtIiIUd7KgfCt0Z8HJQYez+A5qs5jMpeFSBb6VNLdKQrcRBQAUdCy12a2Vb4TRTrZWUkxlL3XkdT6hw3LHg4wkl1YCL8KESwWJzdbuMb3mcBEH0yKhx4cVuYS7SdzGDy9yZyfL0Nej1efi7zRKKJulOLf6tGQPa+3B1aSPi7XIMl1TrMecbOj8RxjNcjfVziRYvIHTI9sVFOtWrjagNc17f+JyokTNH2YJ18RQRRbYWcvvy5I55dh9N7hdFtDIdh3zt1xIMNQlc1PVGNyW+0trsM79ndUUod0dXclF1W8Jrj0RFxDREg04sM73wc337uTNwhmued2X4g9RNOTHR+CVIeV5cX0+aSSMhcrop5xFEme+B5m\/Un+ezHf2K+lU4Gcw2q6TAcHVWjjfIKuSdC9Vzo7neq1iKC5RSl59SxmrbaTZWKblEp11JD67iKr43IIqqq3Fj2n+b96eN0eA5+WXHTzRLe4xMJCWCFobBrrwXnnDopwy0OnzPR6XCLpZQPN6YX1dKhrN80DcqjY7euWpD5sd4W+5zgNJZ9PGKqPVU28Ui1Fr2WPZrNEq7VsIO4e5NZVw7CPFFXbQ8NDKlBCUh9doMP0LHWdEeHw9aQGKmRa\/5m\/ed69P9HZ6rFMRTh\/VBcxsLinZqFXdOedIQvxGdOvFdnuMUKL+nutrMlEwwj4zsLWlDNgnnZe9Gu\/K30D8fkotWV56Z+lKlVuJwPGXfkvXnzWv648hF4fuW7LA\/S7MVvqGNCNbTLLcthv1JcD\/xgs8CwfXKtHO9kJyrHxfDT8rXzdO5Tc9muzpsbNbK+W53SdC9aqXxss9z3RrgYiPFZruuNfvj4fnc7Va65+Fq8DSd12Z7cbWreLt7C3YHQyrNPNDX5+LF+wvygVHyakdd\/nvXmfuJP9MRDw8PDw8PDw8PDw8PDw8PDw8PDw8PDw8PDw8Pj9\/hf6tWqsY6b73MAAAAAElFTkSuQmCC\" \/><\/a><\/p>\n","protected":false},"excerpt":{"rendered":"<p>Autoridade de Gerenciamento do \u00d3rg\u00e3o (Decreto N\u00ba 1.359\/2015) &nbsp; Nome: Cadna Fernanda Formigosa Pinheiro Matr\u00edcula Funcional: 5945756\/1 Telefone: 91 98185-7455 Email: cadnafernanda@gmail.com &nbsp; Download Link Portaria &nbsp; &nbsp;<\/p>\n","protected":false},"author":1,"featured_media":0,"parent":0,"menu_order":0,"comment_status":"closed","ping_status":"closed","template":"","meta":{"footnotes":""},"class_list":["post-3467","page","type-page","status-publish","hentry"],"_links":{"self":[{"href":"https:\/\/sistemas.segup.pa.gov.br\/transparencia\/wp-json\/wp\/v2\/pages\/3467","targetHints":{"allow":["GET"]}}],"collection":[{"href":"https:\/\/sistemas.segup.pa.gov.br\/transparencia\/wp-json\/wp\/v2\/pages"}],"about":[{"href":"https:\/\/sistemas.segup.pa.gov.br\/transparencia\/wp-json\/wp\/v2\/types\/page"}],"author":[{"embeddable":true,"href":"https:\/\/sistemas.segup.pa.gov.br\/transparencia\/wp-json\/wp\/v2\/users\/1"}],"replies":[{"embeddable":true,"href":"https:\/\/sistemas.segup.pa.gov.br\/transparencia\/wp-json\/wp\/v2\/comments?post=3467"}],"version-history":[{"count":7,"href":"https:\/\/sistemas.segup.pa.gov.br\/transparencia\/wp-json\/wp\/v2\/pages\/3467\/revisions"}],"predecessor-version":[{"id":3469,"href":"https:\/\/sistemas.segup.pa.gov.br\/transparencia\/wp-json\/wp\/v2\/pages\/3467\/revisions\/3469"}],"wp:attachment":[{"href":"https:\/\/sistemas.segup.pa.gov.br\/transparencia\/wp-json\/wp\/v2\/media?parent=3467"}],"curies":[{"name":"wp","href":"https:\/\/api.w.org\/{rel}","templated":true}]}}